{"id":380,"date":"2024-05-02T00:45:53","date_gmt":"2024-05-02T00:45:53","guid":{"rendered":"https:\/\/issendai.com\/minoan\/?page_id=380"},"modified":"2024-05-02T01:05:34","modified_gmt":"2024-05-02T01:05:34","slug":"mycenaean-womens-names","status":"publish","type":"page","link":"https:\/\/issendai.com\/minoan\/minoan-and-mycenaean-names\/mycenaean-womens-names\/","title":{"rendered":"Mycenaean Women&#8217;s Names"},"content":{"rendered":"\n<p class=\"\">This page is temporary and meant to share what I&#8217;ve learned so far. Eventually I will have meanings, sources, and more solid derivations for each name.<\/p>\n\n\n\n<p class=\"has-text-align-center\">Names from: <a href=\"#crete\">Crete<\/a> | <a href=\"#mycenae\">Mycenae<\/a> | <a href=\"#pylos\">Pylos<\/a><\/p>\n\n\n\n<h2 class=\"wp-block-heading\" id=\"crete\">Names from Crete<\/h2>\n\n\n\n<p class=\"\">Non-Greek names from Crete are likely to be Hellenized versions of Minoan names.<\/p>\n\n\n\n<figure class=\"wp-block-table\"><table><tbody><tr><th>Name in Linear B<\/th><th>Greek Version<\/th><th>Derivation<\/th><\/tr><tr><td>*18-to-no<\/td><td>&nbsp;<\/td><td>&nbsp;<\/td><\/tr><tr><td>\na3-du-wo-na\n<\/td><td>&nbsp;<\/td><td>\nProbably Greek\n<\/td><\/tr><tr><td>\na-de-ra2\n<\/td><td>&nbsp;<\/td><td>\nProbably Greek\n<\/td><\/tr><tr><td>\na-ma-no\n<\/td><td>&nbsp;<\/td><td>&nbsp;<\/td><\/tr><tr><td>\na-nu-wa-to\n<\/td><td>&nbsp;<\/td><td>&nbsp;<\/td><\/tr><tr><td>\na-qi-ti-ta\n<\/td><td>&nbsp;<\/td><td>&nbsp;<\/td><\/tr><tr><td>\na-to-me-ja\n<\/td><td>&nbsp;<\/td><td>&nbsp;<\/td><\/tr><tr><td>\na-wa-ti-ka-ra\n<\/td><td>&nbsp;<\/td><td>&nbsp;<\/td><\/tr><tr><td>\nda-te-ne-ja\n<\/td><td>&nbsp;<\/td><td>&nbsp;<\/td><\/tr><tr><td>\ndi-qa-ra\n<\/td><td>&nbsp;<\/td><td>&nbsp;<\/td><\/tr><tr><td>\ndu-sa-ni\n<\/td><td>&nbsp;<\/td><td>&nbsp;<\/td><\/tr><tr><td>\ndu-tu-wa\n<\/td><td>&nbsp;<\/td><td>&nbsp;<\/td><\/tr><tr><td>\ne-ti-wa-ja\n<\/td><td>&nbsp;<\/td><td>&nbsp;<\/td><\/tr><tr><td>\ne-ti-wi-ja\n<\/td><td>&nbsp;<\/td><td>&nbsp;<\/td><\/tr><tr><td>\ni-du\n<\/td><td>&nbsp;<\/td><td>&nbsp;<\/td><\/tr><tr><td>\ni-ta-ja\n<\/td><td>&nbsp;<\/td><td>&nbsp;<\/td><\/tr><tr><td>\ni-ta-mo\n<\/td><td>\nItam\u014d\n<\/td><td>\nGreek\n<\/td><\/tr><tr><td>\nka-na-to-po\n<\/td><td>&nbsp;<\/td><td>&nbsp;<\/td><\/tr><tr><td>\nka-pa3-so-ta (ka-*56-so-ta)\n<\/td><td>&nbsp;<\/td><td>\nMinoan\n<\/td><\/tr><tr><td>\nke-pu\n<\/td><td>&nbsp;<\/td><td>&nbsp;<\/td><\/tr><tr><td>\nke-ra-me-ja\n<\/td><td>\nKerameia\n<\/td><td>\nGreek\n<\/td><\/tr><tr><td>\nki-nu-qa\n<\/td><td>&nbsp;<\/td><td>&nbsp;<\/td><\/tr><tr><td>\nki-si-wi-je-ja\n<\/td><td>&nbsp;<\/td><td>&nbsp;<\/td><\/tr><tr><td>\nki-zo\n<\/td><td>&nbsp;<\/td><td>&nbsp;<\/td><\/tr><tr><td>\nko-pi\n<\/td><td>&nbsp;<\/td><td>\nPossibly Minoan\n<\/td><\/tr><tr><td>\nku-tu-qa-no\n<\/td><td>&nbsp;<\/td><td>\nMinoan?\n<\/td><\/tr><tr><td>\nna-e-ra-ja\n<\/td><td>&nbsp;<\/td><td>&nbsp;<\/td><\/tr><tr><td>\no-ri-mo\n<\/td><td>&nbsp;<\/td><td>&nbsp;<\/td><\/tr><tr><td>\no-sa-po-to\n<\/td><td>&nbsp;<\/td><td>&nbsp;<\/td><\/tr><tr><td>\npa3-po-so (*56-po-so)\n<\/td><td>&nbsp;<\/td><td>\nMinoan\n<\/td><\/tr><tr><td>\npa-i-ti-ja\n<\/td><td>\nPhaistia\n<\/td><td>\nGreek\n<\/td><\/tr><tr><td>\npa-ja-ni\n<\/td><td>&nbsp;<\/td><td>&nbsp;<\/td><\/tr><tr><td>\npe-ri-je-ja\n<\/td><td>\nPerieia\n<\/td><td>\nGreek\n<\/td><\/tr><tr><td>\npi-ja-mu-nu\n<\/td><td>&nbsp;<\/td><td>\nProbably Minoan\n<\/td><\/tr><tr><td>\npi-ra-ka-ra\n<\/td><td>\nPhilagra\n<\/td><td>\nGreek\n<\/td><\/tr><tr><td>\npo-ni-ke-ja\n<\/td><td>\nPhonikeia\n<\/td><td>\nGreek\n<\/td><\/tr><tr><td>\npo-po\n<\/td><td>&nbsp;<\/td><td>&nbsp;<\/td><\/tr><tr><td>\npu-wa\n<\/td><td>\nPurwa\n<\/td><td>\nGreek\n<\/td><\/tr><tr><td>\npu-zo\n<\/td><td>&nbsp;<\/td><td>\nnon-Greek, possibly Thracian\n<\/td><\/tr><tr><td>\nqe-pa-ta-no\n<\/td><td>&nbsp;<\/td><td>&nbsp;<\/td><\/tr><tr><td>\nqi-na\n<\/td><td>&nbsp;<\/td><td>&nbsp;<\/td><\/tr><tr><td>\nru-ki-ti-ja\n<\/td><td>\nLuktia\n<\/td><td>\nGreek\n<\/td><\/tr><tr><td>\nru-nu\n<\/td><td>&nbsp;<\/td><td>&nbsp;<\/td><\/tr><tr><td>\nru-sa-ma\n<\/td><td>&nbsp;<\/td><td>&nbsp;<\/td><\/tr><tr><td>\nru-ta2-no\n<\/td><td>&nbsp;<\/td><td>\nMinoan?\n<\/td><\/tr><tr><td>\nsa-*65\n<\/td><td>&nbsp;<\/td><td>&nbsp;<\/td><\/tr><tr><td>\nsa-ma-ti-ja\n<\/td><td>&nbsp;<\/td><td>\nPossibly Minoan\n<\/td><\/tr><tr><td>\nsa-mi\n<\/td><td>&nbsp;<\/td><td>\nPossibly Minoan\n<\/td><\/tr><tr><td>\nsa-ti-qi-to\n<\/td><td>&nbsp;<\/td><td>&nbsp;<\/td><\/tr><tr><td>\nsi-ne-e-ja\n<\/td><td>&nbsp;<\/td><td>&nbsp;<\/td><\/tr><tr><td>\nsi-nu-ke\n<\/td><td>&nbsp;<\/td><td>&nbsp;<\/td><\/tr><tr><td>\nta-su\n<\/td><td>&nbsp;<\/td><td>&nbsp;<\/td><\/tr><tr><td>\nte-qa-ja\n<\/td><td>Th\u0101qai\u0101 or Th\u0113g(w)ai\u0101<\/td><td>\nGreek\n<\/td><\/tr><tr><td>\nti-no\n<\/td><td>&nbsp;<\/td><td>&nbsp;<\/td><\/tr><tr><td>\ntu-*49-mi\n<\/td><td>&nbsp;<\/td><td>&nbsp;<\/td><\/tr><tr><td>\ntu-ka-na\n<\/td><td>&nbsp;<\/td><td>\nPossibly Minoan\n<\/td><\/tr><tr><td>\ntu-ka-to\n<\/td><td>&nbsp;<\/td><td>\nPossibly Minoan\n<\/td><\/tr><tr><td>\ntu-zo\n<\/td><td>&nbsp;<\/td><td>&nbsp;<\/td><\/tr><tr><td>\nu-jo-na\n<\/td><td>&nbsp;<\/td><td>&nbsp;<\/td><\/tr><tr><td>\nu-pa-ra\n<\/td><td>&nbsp;<\/td><td>&nbsp;<\/td><\/tr><tr><td>\nwa-ra-ti\n<\/td><td>&nbsp;<\/td><td>&nbsp;<\/td><\/tr><tr><td>\nwa-wa-ka\n<\/td><td>&nbsp;<\/td><td>&nbsp;<\/td><\/tr><tr><td>\nwi-da-ma-ta2 (wi-da-ma-tja)\n<\/td><td>&nbsp;<\/td><td>\nPossibly Minoan\n<\/td><\/tr><tr><td>\nwi-ja-na-tu\n<\/td><td>&nbsp;<\/td><td>\nPossibly Minoan\n<\/td><\/tr><tr><td>\nwi-so\n<\/td><td>&nbsp;<\/td><td>&nbsp;<\/td><\/tr><tr><td>\nwo-di-je-ja\n<\/td><td>Wordieia<\/td><td>\nGreek\n<\/td><\/tr><\/tbody><\/table><\/figure>\n\n\n\n<h2 class=\"wp-block-heading\" id=\"mycenae\">Names from Mycenae<\/h2>\n\n\n\n<figure class=\"wp-block-table\"><table><tbody><tr><th>Name in Linear B<\/th><th>Greek Version<\/th><th>Derivation<\/th><\/tr><tr><td>a-pi-do-ra<\/td><td>&nbsp;<\/td><td>&nbsp;<\/td><\/tr><tr><td>a-re-ka-sa-da-ra<\/td><td>Alexandra<\/td><td>Greek<\/td><\/tr><tr><td>au-te-r<span style=\"font-family: inherit; font-size: inherit; font-weight: inherit; color: initial;\">a<\/span><\/td><td>Aust\u0113r\u0101i<\/td><td>Greek<\/td><\/tr><tr><td>e-ri-tu-pi-na<\/td><td>&nbsp;<\/td><td>&nbsp;<\/td><\/tr><tr><td>ke-ra-so<\/td><td>&nbsp;<\/td><td>Greek<\/td><\/tr><tr><td>o-to-wo-wi-je<\/td><td>Orthw\u014dwiyei<\/td><td>Greek<\/td><\/tr><tr><td>te-o-do-ra<\/td><td>Theodora<\/td><td>Greek<\/td><\/tr><tr><td>wo-di-je-ja<\/td><td>Wordieia<\/td><td>Greek<\/td><\/tr><\/tbody><\/table><\/figure>\n\n\n\n<h2 class=\"wp-block-heading\" id=\"pylos\">Names from Pylos<\/h2>\n\n\n\n<p class=\"\">Non-Greek names from Pylos are likely to be the Hellenized names of foreign slaves.<\/p>\n\n\n\n<figure class=\"wp-block-table\"><table><tbody><tr><th>Name in Linear B<\/th><th>\nGreek Version\n<\/th><th>\nDerivation\n<\/th><\/tr><tr><td>\n*34-ke-ja\n<\/td><td>\nAigeia\n<\/td><td>\nGreek\n<\/td><\/tr><tr><td>\na-*64-ja\n<\/td><td>\nAswi\u0101\n<\/td><td>\nnon-Greek?\n<\/td><\/tr><tr><td>\na3-pu-ke-ne-ja\n<\/td><td>\nAipugeneia\n<\/td><td>\nGreek\n<\/td><\/tr><tr><td>\na3-wa-ja\n<\/td><td>\nAiwai\u0101\n<\/td><td>\nGreek\n<\/td><\/tr><tr><td>\na-da-ra-te-ja\n<\/td><td>\nAdrastei\u0101\n<\/td><td>\nGreek\n<\/td><\/tr><tr><td>\na-pe-i-ja\n<\/td><td>\nAlphehi\u0101\n<\/td><td>\nGreek\n<\/td><\/tr><tr><td>\na-pi-e-ra\n<\/td><td>\nAmphih\u0113r\u0101\n<\/td><td>\nGreek\n<\/td><\/tr><tr><td>\na-pi-te-ja\n<\/td><td>\nAmphistheia\n<\/td><td>\nGreek\n<\/td><\/tr><tr><td>\ne-pa-sa-na-ti, i-pa-sa-na-ti\n<\/td><td>&nbsp;<\/td><td>&nbsp;<\/td><\/tr><tr><td>\ne-ra-ta-ra\n<\/td><td>&nbsp;<\/td><td>&nbsp;<\/td><\/tr><tr><td>\ne-ri-qi-ja\n<\/td><td>\nErig(w)i\u0101\n<\/td><td>\nGreek\n<\/td><\/tr><tr><td>\ne-ti-je-ja\n<\/td><td>&nbsp;<\/td><td>&nbsp;<\/td><\/tr><tr><td>\ni-do-me-ne-ja\n<\/td><td>\nIdomenei\u0101\n<\/td><td>\nGreek\n<\/td><\/tr><tr><td>\ni-ni-ja\n<\/td><td>Ini\u0101<\/td><td>\nGreek\n<\/td><\/tr><tr><td>\nka-pa-si-ja\n<\/td><td>Karpasi\u0101 (probably a misspelling of Karpathi\u0101)<\/td><td>\nGreek\n<\/td><\/tr><tr><td>\nka-pa-ti-ja\n<\/td><td>\nKarpathi\u0101\n<\/td><td>\nGreek\n<\/td><\/tr><tr><td>\nka-wa-ra\n<\/td><td>&nbsp;<\/td><td>&nbsp;<\/td><\/tr><tr><td>\nke-i-ja\n<\/td><td>\nK\u0113heia\n<\/td><td>\nGreek\n<\/td><\/tr><tr><td>\nko-pi-na\n<\/td><td>&nbsp;<\/td><td>&nbsp;<\/td><\/tr><tr><td>\nko-ri-si-ja\n<\/td><td>\nKorinsi\u0101\n<\/td><td>\nGreek\n<\/td><\/tr><tr><td>\nku-ri-na-ze-ja\n<\/td><td>&nbsp;<\/td><td>&nbsp;<\/td><\/tr><tr><td>\nma-*79\n<\/td><td>&nbsp;<\/td><td>&nbsp;<\/td><\/tr><tr><td>\nma-ra3-wa\n<\/td><td>\nMarraiwa\n<\/td><td>\nGreek\n<\/td><\/tr><tr><td>\nma-ra-me-na\n<\/td><td>&nbsp;<\/td><td>&nbsp;<\/td><\/tr><tr><td>\nme-ki-to-ki-ri-ta\n<\/td><td>\nMegistokrit\u0101\n<\/td><td>\nGreek\n<\/td><\/tr><tr><td>\nme-ta-ka-wa\n<\/td><td>\nMetakalw\u0101\n<\/td><td>\nGreek\n<\/td><\/tr><tr><td>\nmi-jo-qa\n<\/td><td>\nMi\u014dk(w)\u0101\n<\/td><td>\nGreek\n<\/td><\/tr><tr><td>\nmi-ra\n<\/td><td>\nSmil\u0101\n<\/td><td>\nGreek\n<\/td><\/tr><tr><td>\nmu-ti-ri\n<\/td><td>\nMurtilis\n<\/td><td>\nGreek\n<\/td><\/tr><tr><td>\nne-ka-ta-ta\n<\/td><td>&nbsp;<\/td><td>&nbsp;<\/td><\/tr><tr><td>\npi-ri-ta\n<\/td><td>\nPhilista\n<\/td><td>\nGreek\n<\/td><\/tr><tr><td>\npi-ro-na\n<\/td><td>\nPhil\u014dn\u0101\n<\/td><td>\nGreek\n<\/td><\/tr><tr><td>\npi-ro-pa-ta-ra\n<\/td><td>\nPhilopatra\n<\/td><td>\nGreek\n<\/td><\/tr><tr><td>\npo-so-re-ja\n<\/td><td>\nPsolei\u0101\n<\/td><td>\nGreek\n<\/td><\/tr><tr><td>\nqe-ri-ta\n<\/td><td>&nbsp;<\/td><td>&nbsp;<\/td><\/tr><tr><td>\nre-ka\n<\/td><td>\nLeskh\u0101\n<\/td><td>\nGreek\n<\/td><\/tr><tr><td>\nre-u-ka-ta-ra-ja\n<\/td><td>\nLeuktrai\u0101\n<\/td><td>\nGreek\n<\/td><\/tr><tr><td>\nsi-ma\n<\/td><td>\n\u03a3\u1f77\u03bc\u03b1\n<\/td><td>\nGreek\n<\/td><\/tr><tr><td>\nta-ra-mi-ka\n<\/td><td>\nThalamika, Thalamisk\u0101\n<\/td><td>\nGreek\n<\/td><\/tr><tr><td>\nta-zo-te-ja\n<\/td><td>&nbsp;<\/td><td>&nbsp;<\/td><\/tr><tr><td>\nte-do-ne-ja\n<\/td><td>&nbsp;<\/td><td>&nbsp;<\/td><\/tr><tr><td>\nte-qa-ja\n<\/td><td>\nTh\u0101qai\u0101 or Th\u0113g(w)ai\u0101\n<\/td><td>\nGreek\n<\/td><\/tr><tr><td>\nto-ro-ja\n<\/td><td>\nTr\u014di\u0101\n<\/td><td>\nGreek\n<\/td><\/tr><tr><td>\ntu-ri-ja-ti\n<\/td><td>\nThuriatis\n<\/td><td>\nGreek\n<\/td><\/tr><tr><td>\nu-wa-mi-ja\n<\/td><td>\nHuami\u0101 \/ Hyamia\n<\/td><td>\nGreek\n<\/td><\/tr><tr><td>\nwi-ja-da-ra\n<\/td><td>\nWiandr\u0101\n<\/td><td>\nGreek\n<\/td><\/tr><tr><td>\nwi-ri-ke-ja\n<\/td><td>\nWrikeia\n<\/td><td>\nGreek\n<\/td><\/tr><tr><td>\nwo-di-je-ja\n<\/td><td>\nWordieia\n<\/td><td>\nGreek\n<\/td><\/tr><\/tbody><\/table><\/figure>\n","protected":false},"excerpt":{"rendered":"<p>This page is temporary and meant to share what I&#8217;ve learned so far. Eventually I will have meanings, sources, and more solid derivations for each name. Names from: Crete | Mycenae | Pylos Names from Crete Non-Greek names from Crete are likely to be Hellenized versions of Minoan names. Name in Linear B Greek Version [&hellip;]<\/p>\n","protected":false},"author":1,"featured_media":365,"parent":285,"menu_order":0,"comment_status":"closed","ping_status":"closed","template":"","meta":{"nf_dc_page":"","footnotes":""},"categories":[59],"tags":[60],"class_list":["post-380","page","type-page","status-publish","has-post-thumbnail","hentry","category-names","tag-womens-names"],"_links":{"self":[{"href":"https:\/\/issendai.com\/minoan\/wp-json\/wp\/v2\/pages\/380","targetHints":{"allow":["GET"]}}],"collection":[{"href":"https:\/\/issendai.com\/minoan\/wp-json\/wp\/v2\/pages"}],"about":[{"href":"https:\/\/issendai.com\/minoan\/wp-json\/wp\/v2\/types\/page"}],"author":[{"embeddable":true,"href":"https:\/\/issendai.com\/minoan\/wp-json\/wp\/v2\/users\/1"}],"replies":[{"embeddable":true,"href":"https:\/\/issendai.com\/minoan\/wp-json\/wp\/v2\/comments?post=380"}],"version-history":[{"count":5,"href":"https:\/\/issendai.com\/minoan\/wp-json\/wp\/v2\/pages\/380\/revisions"}],"predecessor-version":[{"id":392,"href":"https:\/\/issendai.com\/minoan\/wp-json\/wp\/v2\/pages\/380\/revisions\/392"}],"up":[{"embeddable":true,"href":"https:\/\/issendai.com\/minoan\/wp-json\/wp\/v2\/pages\/285"}],"wp:featuredmedia":[{"embeddable":true,"href":"https:\/\/issendai.com\/minoan\/wp-json\/wp\/v2\/media\/365"}],"wp:attachment":[{"href":"https:\/\/issendai.com\/minoan\/wp-json\/wp\/v2\/media?parent=380"}],"wp:term":[{"taxonomy":"category","embeddable":true,"href":"https:\/\/issendai.com\/minoan\/wp-json\/wp\/v2\/categories?post=380"},{"taxonomy":"post_tag","embeddable":true,"href":"https:\/\/issendai.com\/minoan\/wp-json\/wp\/v2\/tags?post=380"}],"curies":[{"name":"wp","href":"https:\/\/api.w.org\/{rel}","templated":true}]}}